{"id":41,"date":"2020-01-21T12:48:57","date_gmt":"2020-01-21T12:48:57","guid":{"rendered":"http:\/\/cristiano.ukrdevs.com\/?page_id=41"},"modified":"2026-03-29T11:00:56","modified_gmt":"2026-03-29T11:00:56","slug":"home","status":"publish","type":"page","link":"https:\/\/indianexpress.es\/","title":{"rendered":"INICIO"},"content":{"rendered":"\t\t<div data-elementor-type=\"wp-page\" data-elementor-id=\"41\" class=\"elementor elementor-41\" data-elementor-settings=\"[]\">\n\t\t\t\t\t\t\t<div class=\"elementor-section-wrap\">\n\t\t\t\t\t\t\t<section class=\"elementor-section elementor-top-section elementor-element elementor-element-ef3a4ac elementor-section-boxed elementor-section-height-default elementor-section-height-default\" data-id=\"ef3a4ac\" data-element_type=\"section\">\n\t\t\t\t\t\t<div class=\"elementor-container elementor-column-gap-default\">\n\t\t\t\t\t<div class=\"elementor-column elementor-col-100 elementor-top-column elementor-element elementor-element-cbe095e\" data-id=\"cbe095e\" data-element_type=\"column\">\n\t\t\t<div class=\"elementor-widget-wrap elementor-element-populated\">\n\t\t\t\t\t\t\t\t<div class=\"elementor-element elementor-element-f2f5b25 elementor-invisible elementor-widget elementor-widget-cristiano_heading\" data-id=\"f2f5b25\" data-element_type=\"widget\" data-settings=\"{&quot;_animation&quot;:&quot;slideInDown&quot;}\" data-widget_type=\"cristiano_heading.default\">\n\t\t\t\t<div class=\"elementor-widget-container\">\n\t\t\t\t\t\t<div class=\"section-title v2\">\n\t\t\t\t<p class=\"subtitle color-pr-tx\">Tu Restauante en el Puerto de la Cruz<\/p>\n\t\t\t\t<h3 class=\"font-heading\">iNDIAN eXPRESSS<\/h3>\n\t\t\t<\/div>\n\t\t\t\t<\/div>\n\t\t\t\t<\/div>\n\t\t\t\t\t<\/div>\n\t\t<\/div>\n\t\t\t\t\t\t\t<\/div>\n\t\t<\/section>\n\t\t\t\t<section class=\"elementor-section elementor-top-section elementor-element elementor-element-1525ba5 elementor-section-boxed elementor-section-height-default elementor-section-height-default\" data-id=\"1525ba5\" data-element_type=\"section\">\n\t\t\t\t\t\t<div class=\"elementor-container elementor-column-gap-default\">\n\t\t\t\t\t<div class=\"elementor-column elementor-col-50 elementor-top-column elementor-element elementor-element-5dce83a\" data-id=\"5dce83a\" data-element_type=\"column\">\n\t\t\t<div class=\"elementor-widget-wrap elementor-element-populated\">\n\t\t\t\t\t\t\t\t<div class=\"elementor-element elementor-element-cadf13d elementor-invisible elementor-widget elementor-widget-image\" data-id=\"cadf13d\" data-element_type=\"widget\" data-settings=\"{&quot;_animation&quot;:&quot;slideInLeft&quot;}\" data-widget_type=\"image.default\">\n\t\t\t\t<div class=\"elementor-widget-container\">\n\t\t\t<style>\/*! elementor - v3.5.4 - 23-01-2022 *\/\n.elementor-widget-image{text-align:center}.elementor-widget-image a{display:inline-block}.elementor-widget-image a img[src$=\".svg\"]{width:48px}.elementor-widget-image img{vertical-align:middle;display:inline-block}<\/style>\t\t\t\t\t\t\t\t\t\t\t\t<img loading=\"lazy\" decoding=\"async\" width=\"300\" height=\"300\" src=\"https:\/\/indianexpress.es\/wp-content\/uploads\/2021\/10\/cropped-icon-indian-express-300x300.png\" class=\"elementor-animation-wobble-vertical attachment-medium size-medium\" alt=\"\" srcset=\"https:\/\/indianexpress.es\/wp-content\/uploads\/2021\/10\/cropped-icon-indian-express-300x300.png 300w, https:\/\/indianexpress.es\/wp-content\/uploads\/2021\/10\/cropped-icon-indian-express-150x150.png 150w, https:\/\/indianexpress.es\/wp-content\/uploads\/2021\/10\/cropped-icon-indian-express-105x105.png 105w, https:\/\/indianexpress.es\/wp-content\/uploads\/2021\/10\/cropped-icon-indian-express-270x270.png 270w, https:\/\/indianexpress.es\/wp-content\/uploads\/2021\/10\/cropped-icon-indian-express-192x192.png 192w, https:\/\/indianexpress.es\/wp-content\/uploads\/2021\/10\/cropped-icon-indian-express-180x180.png 180w, https:\/\/indianexpress.es\/wp-content\/uploads\/2021\/10\/cropped-icon-indian-express-32x32.png 32w, https:\/\/indianexpress.es\/wp-content\/uploads\/2021\/10\/cropped-icon-indian-express.png 512w\" sizes=\"(max-width: 300px) 100vw, 300px\" \/>\t\t\t\t\t\t\t\t\t\t\t\t\t\t\t<\/div>\n\t\t\t\t<\/div>\n\t\t\t\t\t<\/div>\n\t\t<\/div>\n\t\t\t\t<div class=\"elementor-column elementor-col-50 elementor-top-column elementor-element elementor-element-d98c89b\" data-id=\"d98c89b\" data-element_type=\"column\">\n\t\t\t<div class=\"elementor-widget-wrap elementor-element-populated\">\n\t\t\t\t\t\t\t\t<div class=\"elementor-element elementor-element-f45d7dc elementor-widget elementor-widget-text-editor\" data-id=\"f45d7dc\" data-element_type=\"widget\" data-widget_type=\"text-editor.default\">\n\t\t\t\t<div class=\"elementor-widget-container\">\n\t\t\t<style>\/*! elementor - v3.5.4 - 23-01-2022 *\/\n.elementor-widget-text-editor.elementor-drop-cap-view-stacked .elementor-drop-cap{background-color:#818a91;color:#fff}.elementor-widget-text-editor.elementor-drop-cap-view-framed .elementor-drop-cap{color:#818a91;border:3px solid;background-color:transparent}.elementor-widget-text-editor:not(.elementor-drop-cap-view-default) .elementor-drop-cap{margin-top:8px}.elementor-widget-text-editor:not(.elementor-drop-cap-view-default) .elementor-drop-cap-letter{width:1em;height:1em}.elementor-widget-text-editor .elementor-drop-cap{float:left;text-align:center;line-height:1;font-size:50px}.elementor-widget-text-editor .elementor-drop-cap-letter{display:inline-block}<\/style>\t\t\t\t<p style=\"margin: 0cm 0cm 18pt; background-image: initial; background-position: initial; background-size: initial; background-repeat: initial; background-attachment: initial; background-origin: initial; background-clip: initial; text-align: center;\" align=\"center\"><span style=\"font-size: 10.5pt; font-family: Roboto;\">Nuestro restaurante abre sus puertas ofreciendo a nuestros clientes alimentos de primera calidad hechos con amor y pasi\u00f3n por nuestro chef con a\u00f1os de experiencia en el sector.<\/span><\/p><p style=\"margin: 0cm 0cm 18pt; background-image: initial; background-position: initial; background-size: initial; background-repeat: initial; background-attachment: initial; background-origin: initial; background-clip: initial;\" align=\"center\"><span style=\"font-family: Roboto; font-size: 10.5pt; color: var( --e-global-color-text ); font-weight: var( --e-global-typography-text-font-weight );\">Regentado por una \u00fanica familia, Indian Express es el resultado de a\u00f1os de esfuerzo y experiencia adquirida en el sector de la restauraci\u00f3n, antes de abrir las puertas de nuestro restaurante en el coraz\u00f3n de Puerto de la Cruz en Tenerife.<\/span><\/p><p style=\"margin: 0cm 0cm 18pt; background-image: initial; background-position: initial; background-size: initial; background-repeat: initial; background-attachment: initial; background-origin: initial; background-clip: initial;\" align=\"center\"><span style=\"color: var( --e-global-color-text ); font-family: var( --e-global-typography-text-font-family ), Sans-serif; font-weight: var( --e-global-typography-text-font-weight );\">Es visita obligatoria si eres amante de la buena comida india, o bien si tienes un esp\u00edritu curioso y te gusta probar nuevos platos o descubrir nuevas culturas.<\/span><\/p>\t\t\t\t\t\t<\/div>\n\t\t\t\t<\/div>\n\t\t\t\t\t<\/div>\n\t\t<\/div>\n\t\t\t\t\t\t\t<\/div>\n\t\t<\/section>\n\t\t\t\t<section class=\"elementor-section elementor-top-section elementor-element elementor-element-bb49136 elementor-section-boxed elementor-section-height-default elementor-section-height-default\" data-id=\"bb49136\" data-element_type=\"section\">\n\t\t\t\t\t\t<div class=\"elementor-container elementor-column-gap-default\">\n\t\t\t\t\t<div class=\"elementor-column elementor-col-50 elementor-top-column elementor-element elementor-element-3709454\" data-id=\"3709454\" data-element_type=\"column\">\n\t\t\t<div class=\"elementor-widget-wrap elementor-element-populated\">\n\t\t\t\t\t\t\t\t<div class=\"elementor-element elementor-element-5f739b7 elementor-view-default elementor-widget elementor-widget-icon\" data-id=\"5f739b7\" data-element_type=\"widget\" data-widget_type=\"icon.default\">\n\t\t\t\t<div class=\"elementor-widget-container\">\n\t\t\t\t\t<div class=\"elementor-icon-wrapper\">\n\t\t\t<div class=\"elementor-icon\">\n\t\t\t<i aria-hidden=\"true\" class=\"fas fa-camera\"><\/i>\t\t\t<\/div>\n\t\t<\/div>\n\t\t\t\t<\/div>\n\t\t\t\t<\/div>\n\t\t\t\t<div class=\"elementor-element elementor-element-abf8c40 elementor-button-info elementor-align-center elementor-widget elementor-widget-button\" data-id=\"abf8c40\" data-element_type=\"widget\" data-widget_type=\"button.default\">\n\t\t\t\t<div class=\"elementor-widget-container\">\n\t\t\t\t\t<div class=\"elementor-button-wrapper\">\n\t\t\t<a href=\"https:\/\/indianexpress.es\/index.php\/gallery\/\" class=\"elementor-button-link elementor-button elementor-size-sm\" role=\"button\">\n\t\t\t\t\t\t<span class=\"elementor-button-content-wrapper\">\n\t\t\t\t\t\t<span class=\"elementor-button-text\">Galer\u00eda<\/span>\n\t\t<\/span>\n\t\t\t\t\t<\/a>\n\t\t<\/div>\n\t\t\t\t<\/div>\n\t\t\t\t<\/div>\n\t\t\t\t\t<\/div>\n\t\t<\/div>\n\t\t\t\t<div class=\"elementor-column elementor-col-50 elementor-top-column elementor-element elementor-element-3c1c896\" data-id=\"3c1c896\" data-element_type=\"column\">\n\t\t\t<div class=\"elementor-widget-wrap elementor-element-populated\">\n\t\t\t\t\t\t\t\t<div class=\"elementor-element elementor-element-6494272 elementor-view-default elementor-widget elementor-widget-icon\" data-id=\"6494272\" data-element_type=\"widget\" data-widget_type=\"icon.default\">\n\t\t\t\t<div class=\"elementor-widget-container\">\n\t\t\t\t\t<div class=\"elementor-icon-wrapper\">\n\t\t\t<div class=\"elementor-icon\">\n\t\t\t<i aria-hidden=\"true\" class=\"fas fa-newspaper\"><\/i>\t\t\t<\/div>\n\t\t<\/div>\n\t\t\t\t<\/div>\n\t\t\t\t<\/div>\n\t\t\t\t<div class=\"elementor-element elementor-element-6c6bb34 elementor-button-info elementor-align-center elementor-widget elementor-widget-button\" data-id=\"6c6bb34\" data-element_type=\"widget\" data-widget_type=\"button.default\">\n\t\t\t\t<div class=\"elementor-widget-container\">\n\t\t\t\t\t<div class=\"elementor-button-wrapper\">\n\t\t\t<a href=\"https:\/\/indianexpress.es\/index.php\/our-menu\/\" class=\"elementor-button-link elementor-button elementor-size-sm\" role=\"button\">\n\t\t\t\t\t\t<span class=\"elementor-button-content-wrapper\">\n\t\t\t\t\t\t<span class=\"elementor-button-text\">Nuestro men\u00fa<\/span>\n\t\t<\/span>\n\t\t\t\t\t<\/a>\n\t\t<\/div>\n\t\t\t\t<\/div>\n\t\t\t\t<\/div>\n\t\t\t\t\t<\/div>\n\t\t<\/div>\n\t\t\t\t\t\t\t<\/div>\n\t\t<\/section>\n\t\t\t\t<section class=\"elementor-section elementor-top-section elementor-element elementor-element-11d21a6 elementor-section-full_width elementor-section-height-default elementor-section-height-default\" data-id=\"11d21a6\" data-element_type=\"section\">\n\t\t\t\t\t\t<div class=\"elementor-container elementor-column-gap-default\">\n\t\t\t\t\t<div class=\"elementor-column elementor-col-100 elementor-top-column elementor-element elementor-element-7794f30\" data-id=\"7794f30\" data-element_type=\"column\">\n\t\t\t<div class=\"elementor-widget-wrap elementor-element-populated\">\n\t\t\t\t\t\t\t\t<div class=\"elementor-element elementor-element-27b88a8 elementor-invisible elementor-widget elementor-widget-cristiano_call_action\" data-id=\"27b88a8\" data-element_type=\"widget\" data-settings=\"{&quot;_animation&quot;:&quot;slideInUp&quot;}\" data-widget_type=\"cristiano_call_action.default\">\n\t\t\t\t<div class=\"elementor-widget-container\">\n\t\t\t\t\t<section class=\"short-info alignfull  has-bg dzsparallaxer auto-init height-is-based-on-content use-loading\">\n\t\t\t\t\t\t\t<div class=\"divimage dzsparallaxer--target\" style=\"background-image:url(https:\/\/indianexpress.es\/wp-content\/uploads\/2021\/12\/2020-12-10-4.jpg); opacity: 0.55\" ><\/div>\t\n\t\t\t\t\t\t<div class=\"center\">\n\t\t\t\t\t\t\t\t\t<h2 class=\"font-heading\">dISFRUTA DE LA MEJOR COCINA INDIA EN iNDIAN eXPRESS<\/h2>\n\t\t\t\t\t\t\t<\/div>\n\t\t<\/section>\n\t\t\t\t<\/div>\n\t\t\t\t<\/div>\n\t\t\t\t\t<\/div>\n\t\t<\/div>\n\t\t\t\t\t\t\t<\/div>\n\t\t<\/section>\n\t\t\t\t<section class=\"elementor-section elementor-top-section elementor-element elementor-element-1c8d1903 elementor-section-content-middle elementor-section-stretched elementor-section-boxed elementor-section-height-default elementor-section-height-default elementor-invisible\" data-id=\"1c8d1903\" data-element_type=\"section\" data-settings=\"{&quot;animation&quot;:&quot;slideInDown&quot;,&quot;stretch_section&quot;:&quot;section-stretched&quot;}\">\n\t\t\t\t\t\t<div class=\"elementor-container elementor-column-gap-no\">\n\t\t\t\t\t<div class=\"elementor-column elementor-col-100 elementor-top-column elementor-element elementor-element-5d8bbe4c\" data-id=\"5d8bbe4c\" data-element_type=\"column\">\n\t\t\t<div class=\"elementor-widget-wrap elementor-element-populated\">\n\t\t\t\t\t\t\t\t<div class=\"elementor-element elementor-element-51810a39 elementor-widget elementor-widget-cristiano_info_blocks\" data-id=\"51810a39\" data-element_type=\"widget\" data-widget_type=\"cristiano_info_blocks.default\">\n\t\t\t\t<div class=\"elementor-widget-container\">\n\t\t\t\n\t\t<section id=\"contact-details\" class=\"section-block reset\">\n\t\t\t<div class=\"center\">\n\t\t\t\t\t\t\t\t\t<div class=\"section-title v2\">\n\t\t\t\t\t\t\t\t\t\t\t\t<h3 class=\"font-heading\">encu\u00e9ntranos<\/h3>\n\t\t\t\t\t<\/div>\n\t\t\t\t\t\t\t\t\t\t\t\t\t<div class=\"cols-4 margin-large\">\n\t\t\t\t\t\t\t\t\t\t\t\t\t<div>\n\t\t\t\t\t\t\t\t<div class=\"box\">\n\t\t\t\t\t\t\t\t\t<h3 class=\"font-title\">Tel\u00e9fono<\/h3>\n\t\t\t\t\t\t\t\t\t<div class=\"content\"><p>+34 922 367 254<\/p>\n<\/div>\n\t\t\t\t\t\t\t\t\t<span class=\"icon color-pr-bg fas fa-phone\"><\/span>\n\t\t\t\t\t\t\t\t<\/div>\n\t\t\t\t\t\t\t<\/div>\n\t\t\t\t\t\t\t\t\t\t\t\t\t<div>\n\t\t\t\t\t\t\t\t<div class=\"box\">\n\t\t\t\t\t\t\t\t\t<h3 class=\"font-title\">Horario<\/h3>\n\t\t\t\t\t\t\t\t\t<div class=\"content\"><p>Todos los d\u00edas desde:<br \/>\n13:00 - 22:30<\/p>\n<\/div>\n\t\t\t\t\t\t\t\t\t<span class=\"icon color-pr-bg fas fa-clock\"><\/span>\n\t\t\t\t\t\t\t\t<\/div>\n\t\t\t\t\t\t\t<\/div>\n\t\t\t\t\t\t\t\t\t\t\t\t\t<div>\n\t\t\t\t\t\t\t\t<div class=\"box\">\n\t\t\t\t\t\t\t\t\t<h3 class=\"font-title\">Direcci\u00f3n<\/h3>\n\t\t\t\t\t\t\t\t\t<div class=\"content\"><p>C\/ Esquivel n\u00ba 18<br \/>\n38400 Puerto de la Cruz<\/p>\n<\/div>\n\t\t\t\t\t\t\t\t\t<span class=\"icon color-pr-bg fas fa-map-marker-alt\"><\/span>\n\t\t\t\t\t\t\t\t<\/div>\n\t\t\t\t\t\t\t<\/div>\n\t\t\t\t\t\t\t\t\t\t\t\t\t<div>\n\t\t\t\t\t\t\t\t<div class=\"box\">\n\t\t\t\t\t\t\t\t\t<h3 class=\"font-title\">Email<\/h3>\n\t\t\t\t\t\t\t\t\t<div class=\"content\"><p>info@indianexpress.es<\/p>\n<\/div>\n\t\t\t\t\t\t\t\t\t<span class=\"icon color-pr-bg far fa-envelope\"><\/span>\n\t\t\t\t\t\t\t\t<\/div>\n\t\t\t\t\t\t\t<\/div>\n\t\t\t\t\t\t\t\t\t\t\t<\/div>\n\t\t\t\t\t\t\t<\/div>\n\t\t<\/section>\n\t\t\n\t\t\t\t<\/div>\n\t\t\t\t<\/div>\n\t\t\t\t<div class=\"elementor-element elementor-element-8a4da9f elementor-invisible elementor-widget elementor-widget-cristiano_reservation_email\" data-id=\"8a4da9f\" data-element_type=\"widget\" data-settings=\"{&quot;_animation&quot;:&quot;slideInUp&quot;}\" data-widget_type=\"cristiano_reservation_email.default\">\n\t\t\t\t<div class=\"elementor-widget-container\">\n\t\t\t\t\t\n\t\t<section id=\"reservation\" class=\"section-block  has-bg alignfull dzsparallaxer auto-init height-is-based-on-content use-loading\">\n\t\t\t\t\t\t\t<div class=\"divimage dzsparallaxer--target\" style=\"background-image:url(https:\/\/indianexpress.es\/wp-content\/uploads\/2021\/10\/back-indian-expres.jpg); opacity: 0.65\"><\/div>\t\n\t\t\t\t\t\t<div class=\"center\">\t\t\n\t\t\t\t\t\t\t\t\t<div class=\"section-title v1\">\n\t\t\t\t\t\t\t\t\t\t\t\t<h3 class=\"font-heading\">Reservar mesa<\/h3>\n\t\t\t\t\t<\/div>\n\t\t\t\t\t\t\t\t\n\t\t\t\t<form id=\"reservation-form\" method=\"post\" action=\"https:\/\/indianexpress.es\/wp-admin\/admin-ajax.php\">\t\n\t\t\t\t\t<div id=\"reservation-form-messages\" class=\"submit-form-message\"><\/div>\n\t\t\t\t\t<div class=\"cols-3 margin-large\">\t\t\t\t\t\t\n\t\t\t\t\t\t<div class=\"form-item\">\n\t\t\t\t\t\t\t<label for=\"date\">Fecha<\/label>\n\t\t\t\t\t\t\t<input type=\"text\" format=\"d \\dd\\e MM \\dd\\e yy\" autocomplete=\"off\" name=\"date\" id=\"date\" class=\"required datepicker\">\n\t\t\t\t\t\t<\/div>\n\t\t\t\t\t\t\t\t\t\t\t<div class=\"double-form-items\">\n\t\t\t\t\t\t\t\t\t\t\t<div class=\"form-item\">\n\t\t\t\t\t\t\t<label for=\"time\">Hora<\/label>\n\t\t\t\t\t\t\t<select id=\"time\" name=\"time\" class=\"required\">\n\t\t\t\t\t\t\t<option value=\"13:00\" >13:00<\/option>\n<option value=\"13:30\" >13:30<\/option>\n<option value=\"14:00\" >14:00<\/option>\n<option value=\"14:30\" >14:30<\/option>\n<option value=\"15:00\" >15:00<\/option>\n<option value=\"15:30\" >15:30<\/option>\n<option value=\"16:00\" >16:00<\/option>\n<option value=\"16:30\" >16:30<\/option>\n<option value=\"17:00\"  selected=\"selected\" >17:00<\/option>\n<option value=\"17:30\" >17:30<\/option>\n<option value=\"18:00\" >18:00<\/option>\n<option value=\"18:30\" >18:30<\/option>\n<option value=\"19:00\" >19:00<\/option>\n<option value=\"19:30\" >19:30<\/option>\n<option value=\"20:00\" >20:00<\/option>\n<option value=\"20:30\" >20:30<\/option>\n<option value=\"21:00\" >21:00<\/option>\n<option value=\"21:30\" >21:30<\/option>\n<option value=\"22:00\" >22:00<\/option>\n<option value=\"22:30\" >22:30<\/option>\n\t\t\t\t\t\t\n\t\t\t\t\t\t\t<\/select>\n\t\t\t\t\t\t<\/div>\t\n\t\t\t\t\t\t<div class=\"form-item\">\n\t\t\t\t\t\t\t<label for=\"number\">N\u00ba de comensales<\/label>\n\t\t\t\t\t\t\t<select id=\"number\" name=\"number\" class=\"required\">\n\t\t\t\t\t\t\t\t\t\t\t\t\t\t\t\t\t<option selected value=\"2\">2<\/option>\n\t\t\t\t\t\t\t\t\t\t\t\t\t\t\t\t\t<option  value=\"3\">3<\/option>\n\t\t\t\t\t\t\t\t\t\t\t\t\t\t\t\t\t<option  value=\"4\">4<\/option>\n\t\t\t\t\t\t\t\t\t\t\t\t\t\t\t\t\t<option  value=\"5\">5<\/option>\n\t\t\t\t\t\t\t\t\t\t\t\t\t\t\t\t\t<option  value=\"6\">6<\/option>\n\t\t\t\t\t\t\t\t\t\t\t\t\t\t\t\t\t<option  value=\"7\">7<\/option>\n\t\t\t\t\t\t\t\t\t\t\t\t\t\t\t\t\t<option  value=\"8\">8<\/option>\n\t\t\t\t\t\t\t\t\t\t\t\t\t\t\t\t\t<option  value=\"9\">9<\/option>\n\t\t\t\t\t\t\t\t\t\t\t\t\t\t\t\t\t<option  value=\"10\">10<\/option>\n\t\t\t\t\t\t\t\t\t\t\t\t\t\t\t\t\t<option  value=\"11\">11<\/option>\n\t\t\t\t\t\t\t\t\t\t\t\t\t\t\t\t\t<option  value=\"12\">12<\/option>\n\t\t\t\t\t\t\t\t\t\t\t\t\t\t\t\t\t<option  value=\"13\">13<\/option>\n\t\t\t\t\t\t\t\t\t\t\t\t\t\t\t\t\t<option  value=\"14\">14<\/option>\n\t\t\t\t\t\t\t\t\t\t\t\t\t\t\t\t\t<option  value=\"15\">15<\/option>\n\t\t\t\t\t\t\t\t\t\t\t\t\t\t\t<\/select>\n\t\t\t\t\t\t<\/div>\n\t\t\t\t\t\t\t\t\t\t\t\t<\/div>\n\t\t\t\t\t\t<div class=\"form-item\">\n\t\t\t\t\t\t\t<label for=\"location\">Location<\/label>\n\t\t\t\t\t\t\t<select id=\"location\" name=\"location\" class=\"required\">\n\t\t\t\t\t\t\t\t\t\t\t\t\t\t\t\t\t<option>Terrace\r<\/option>\n\t\t\t\t\t\t\t\t\t\t\t\t\t\t\t\t\t<option>Inside\r<\/option>\n\t\t\t\t\t\t\t\t\t\t\t\t\t\t\t\t\t<option>Take Away<\/option>\n\t\t\t\t\t\t\t\t\t\t\t\t\t\t\t<\/select>\n\t\t\t\t\t\t<\/div>\n\t\t\t\t\t\t\t\t\t\t\t<div class=\"form-item\">\n\t\t\t\t\t\t\t<label for=\"name\">Nombre<\/label>\n\t\t\t\t\t\t\t<input type=\"text\" class=\"required\" name=\"name\" id=\"name\">\n\t\t\t\t\t\t<\/div>\t\n\t\t\t\t\t\t<div class=\"form-item\">\n\t\t\t\t\t\t\t<label for=\"phone\">Tel\u00e9fono<\/label>\n\t\t\t\t\t\t\t<input type=\"text\" maxlength=\"15\" class=\"required\" name=\"phone\" id=\"phone\">\n\t\t\t\t\t\t<\/div>\t\t\n\t\t\t\t\t\t<div class=\"form-item\">\n\t\t\t\t\t\t\t<label for=\"email\">Email<\/label>\n\t\t\t\t\t\t\t<input type=\"text\" class=\"required\" name=\"email\" id=\"email\">\n\t\t\t\t\t\t<\/div>\t\t\t\t\t\t\n\t\t\t\t\t<\/div>\n\t\t\t\t\t<div class=\"align-center-margin\">\n\t\t\t\t\t\t\t\t\t\t\t\n\t\t\t\t\t\t<button id=\"reservation-submit\" class=\"btn btn-transparent btn-lg\" type=\"submit\">Reservar<\/button>\n\t\t\t\t\t<\/div>\t\t\t\t\n\t\t\t\t<\/form>\n\t\t\t<\/div>\n\t\t<\/section>\t\t\n\t\t<script>\t\t\t\t\t\t\n\t\t\tjQuery(document).ready(function($) {\t\t\t\t\n\t\t\t\t\n\t\t\t\tfunction validate(){\t\t\t\t  \t\n\t\t\t\t\tvar form = jQuery('#reservation-form');\t\t\n\t\t\t\t\tform.find('[name]').each(function(index, value){\n\t\t\t\t\t\t var that = $(this),\n\t\t\t\t\t\t\t  value = that.val(),\n\t\t\t\t\t\t\t name = that.attr('name');\n\t\t\t\t\t\t\t \n\t\t\t\t\t\t if(that.hasClass('required')) {\n\t\t\t\t\t\t\tif(value == '' || value.length < 3 && value.length > 50) {\n\t\t\t\t\t\t\t\tthat.addClass('error');\n\t\t\t\t\t\t\t} else {\n\t\t\t\t\t\t\t\tthat.removeClass('error');\n\t\t\t\t\t\t\t}\n\t\t\t\t\t\t\tif(name == 'email') {\n\t\t\t\t\t\t\t\tif(!value.match(\/^([\\w-]+(?:\\.[\\w-]+)*)@((?:[\\w-]+\\.)*\\w[\\w-]{0,66})\\.([a-z]{2,6}(?:\\.[a-z]{2})?)$\/i)) {\n\t\t\t\t\t\t\t\t\tthat.addClass('error');\n\t\t\t\t\t\t\t\t}\n\t\t\t\t\t\t\t}\n\t\t\t\t\t\t\tif(name == 'phone') {\n\t\t\t\t\t\t\t\tif(!value.match(\/([0-9]{9})|(\\([0-9]{3}\\)\\s+[0-9]{3}\\-[0-9]{4})\/)) {\n\t\t\t\t\t\t\t\t\tthat.addClass('error');\t\n\t\t\t\t\t\t\t\t}\t\t\t\t\t\t\t\n\t\t\t\t\t\t\t}\n\t\t\t\t\t\t}\n\t\t\t\t\t});\n\t\t\t\t\tif(form.find('.required').hasClass('error')) {\n\t\t\t\t\t\t\t\t\t\t\t\treturn false;\n\t\t\t\t\t\t}\n\t\t\t\t\t\t\t\t\t\t\t\treturn true;\n\t\t\t\t   }\n\t\t\t\t  jQuery('#reservation-form').on('submit', function(e) {\n\t\t\t\t\t   e.preventDefault();\n\t\t\t\t\t   var formMessages = $('#reservation-form-messages');\n\t\t\t\t\t   var form = jQuery(this);\t\t\n\t\t\t\t\t   if(validate()) {\n\t\t\t\t\t\t\t\t\t\t\t\t   \n\t\t\t\t\t\t\t   var data = {\n\t\t\t\t\t\t\t\taction: 'reservation_submit',\n\t\t\t\t\t\t\t\tform_data: form.serialize()\n\t\t\t\t\t\t\t}; \t\t\n\t\t\t\t\n\t\t\t\t\t\t\tvar test = jQuery.post( form.attr('action'), data, function(response) {\n\t\t\t\t\t\t\t\t\/\/ Make sure that the formMessages div has the 'success' class.\n\t\t\t\t\t\t\t\tvar response  = (jQuery.parseJSON(response));\n\t\t\t\t\t\t\t\t$(formMessages).removeClass('error');\n\t\t\t\t\t\t\t\t$(formMessages).addClass(response.class);\n\t\t\t\t\t\t\t\n\t\t\t\t\t\t\t\t\/\/ Set the message text.\n\t\t\t\t\t\t\t\t$(formMessages).text(response.message);\n\t\t\t\t\t\t\t\t\n\t\t\t\t\t\t\t\t\/\/ Reset the Form\n\t\t\t\t\t\t\t\tif(response.class == 'success') {\n\t\t\t\t\t\t\t\t\tform[0].reset();\n\t\t\t\t\t\t\t\t}\n\t\t\t\t\t\t\t\t\/\/$('#reservation-submit').prop(\"disabled\", true);\n\t\t\t\t\t\t\t});\n\t\t\t\t\t\t}\t\t\t\t\n\t\t\t\t  });\n\t\t\t});\n\t\t<\/script>\t\t\n\t\t\n\t\t\t\t<\/div>\n\t\t\t\t<\/div>\n\t\t\t\t\t<\/div>\n\t\t<\/div>\n\t\t\t\t\t\t\t<\/div>\n\t\t<\/section>\n\t\t\t\t\t\t<\/div>\n\t\t\t\t\t<\/div>\n\t\t","protected":false},"excerpt":{"rendered":"<p>Tu Restauante en el Puerto de la Cruz iNDIAN eXPRESSS Nuestro restaurante abre sus puertas ofreciendo a nuestros clientes alimentos de primera calidad hechos con amor y pasi\u00f3n por nuestro&#8230;<\/p>\n","protected":false},"author":1,"featured_media":0,"parent":0,"menu_order":-10,"comment_status":"closed","ping_status":"closed","template":"","meta":{"footnotes":""},"class_list":["post-41","page","type-page","status-publish","hentry"],"_links":{"self":[{"href":"https:\/\/indianexpress.es\/index.php\/wp-json\/wp\/v2\/pages\/41"}],"collection":[{"href":"https:\/\/indianexpress.es\/index.php\/wp-json\/wp\/v2\/pages"}],"about":[{"href":"https:\/\/indianexpress.es\/index.php\/wp-json\/wp\/v2\/types\/page"}],"author":[{"embeddable":true,"href":"https:\/\/indianexpress.es\/index.php\/wp-json\/wp\/v2\/users\/1"}],"replies":[{"embeddable":true,"href":"https:\/\/indianexpress.es\/index.php\/wp-json\/wp\/v2\/comments?post=41"}],"version-history":[{"count":48,"href":"https:\/\/indianexpress.es\/index.php\/wp-json\/wp\/v2\/pages\/41\/revisions"}],"predecessor-version":[{"id":16671,"href":"https:\/\/indianexpress.es\/index.php\/wp-json\/wp\/v2\/pages\/41\/revisions\/16671"}],"wp:attachment":[{"href":"https:\/\/indianexpress.es\/index.php\/wp-json\/wp\/v2\/media?parent=41"}],"curies":[{"name":"wp","href":"https:\/\/api.w.org\/{rel}","templated":true}]}}